{"id":149,"date":"2021-03-30T13:28:37","date_gmt":"2021-03-30T11:28:37","guid":{"rendered":"https:\/\/www.executiveprofiler.fr\/?page_id=149"},"modified":"2024-05-29T11:37:42","modified_gmt":"2024-05-29T09:37:42","slug":"nos-solutions","status":"publish","type":"page","link":"https:\/\/www.executiveprofiler.fr\/index.php\/nos-solutions\/","title":{"rendered":"Nos solutions"},"content":{"rendered":"\n[et_pb_section fb_built=&#8221;1&#8243; fullwidth=&#8221;on&#8221; admin_label=&#8221;Page Header&#8221; _builder_version=&#8221;4.17.6&#8243; background_color=&#8221;#FFFFFF&#8221; background_image=&#8221;https:\/\/www.executiveprofiler.fr\/wp-content\/uploads\/2024\/03\/Fond-de-site-3.png&#8221; global_colors_info=&#8221;{}&#8221;][et_pb_fullwidth_header title=&#8221;Nos solutions&#8221; text_orientation=&#8221;center&#8221; admin_label=&#8221;Hero Section&#8221; _builder_version=&#8221;4.17.6&#8243; title_font=&#8221;Montserrat|on|||&#8221; title_text_color=&#8221;#0b4580&#8243; title_font_size=&#8221;60px&#8221; title_line_height=&#8221;1.4em&#8221; content_font_size=&#8221;22px&#8221; content_line_height=&#8221;1.8em&#8221; subhead_font=&#8221;||||&#8221; background_color=&#8221;rgba(255, 255, 255, 0)&#8221; custom_button_one=&#8221;on&#8221; button_one_text_size=&#8221;16px&#8221; button_one_bg_color=&#8221;#6eba01&#8243; button_one_border_width=&#8221;2px&#8221; button_one_border_color=&#8221;#6eba01&#8243; button_one_border_radius=&#8221;0&#8243; button_one_letter_spacing=&#8221;2&#8243; button_one_font=&#8221;Montserrat|||on|&#8221; button_one_use_icon=&#8221;off&#8221; custom_button_two=&#8221;on&#8221; button_two_text_size=&#8221;16px&#8221; button_two_border_width=&#8221;2px&#8221; button_two_border_color=&#8221;#ffffff&#8221; button_two_border_radius=&#8221;0&#8243; button_two_letter_spacing=&#8221;2&#8243; button_two_font=&#8221;Montserrat|||on|&#8221; button_two_use_icon=&#8221;off&#8221; background_layout=&#8221;light&#8221; module_alignment=&#8221;left&#8221; min_height=&#8221;147.2px&#8221; custom_padding=&#8221;||0px|||&#8221; animation_style=&#8221;fade&#8221; button_one_text_color_hover=&#8221;#6eba01&#8243; button_two_text_color_hover=&#8221;#6eba01&#8243; button_one_border_color_hover=&#8221;#ffffff&#8221; button_two_border_color_hover=&#8221;#ffffff&#8221; button_one_border_radius_hover=&#8221;0&#8243; button_two_border_radius_hover=&#8221;0&#8243; button_one_letter_spacing_hover=&#8221;2&#8243; button_two_letter_spacing_hover=&#8221;2&#8243; button_one_bg_color_hover=&#8221;#ffffff&#8221; button_two_bg_color_hover=&#8221;#ffffff&#8221; global_colors_info=&#8221;{}&#8221; button_one_text_size__hover_enabled=&#8221;off&#8221; button_two_text_size__hover_enabled=&#8221;off&#8221; button_one_text_color__hover_enabled=&#8221;on&#8221; button_one_text_color__hover=&#8221;#6eba01&#8243; button_two_text_color__hover_enabled=&#8221;on&#8221; button_two_text_color__hover=&#8221;#6eba01&#8243; button_one_border_width__hover_enabled=&#8221;off&#8221; button_two_border_width__hover_enabled=&#8221;off&#8221; button_one_border_color__hover_enabled=&#8221;on&#8221; button_one_border_color__hover=&#8221;#ffffff&#8221; button_two_border_color__hover_enabled=&#8221;on&#8221; button_two_border_color__hover=&#8221;#ffffff&#8221; button_one_border_radius__hover_enabled=&#8221;on&#8221; button_one_border_radius__hover=&#8221;0&#8243; button_two_border_radius__hover_enabled=&#8221;on&#8221; button_two_border_radius__hover=&#8221;0&#8243; button_one_letter_spacing__hover_enabled=&#8221;on&#8221; button_one_letter_spacing__hover=&#8221;2&#8243; button_two_letter_spacing__hover_enabled=&#8221;on&#8221; button_two_letter_spacing__hover=&#8221;2&#8243; button_one_bg_color__hover_enabled=&#8221;on&#8221; button_one_bg_color__hover=&#8221;#ffffff&#8221; button_two_bg_color__hover_enabled=&#8221;on&#8221; button_two_bg_color__hover=&#8221;#ffffff&#8221;]<p>&nbsp;<\/p>\n<p>&nbsp;<\/p>[\/et_pb_fullwidth_header][\/et_pb_section][et_pb_section fb_built=&#8221;1&#8243; admin_label=&#8221;Courses&#8221; _builder_version=&#8221;4.17.6&#8243; background_image=&#8221;https:\/\/www.executiveprofiler.fr\/wp-content\/uploads\/2024\/03\/Fond-de-site-4.png&#8221; min_height=&#8221;539.1px&#8221; custom_padding=&#8221;0px|0px|100px|0px||&#8221; locked=&#8221;off&#8221; global_colors_info=&#8221;{}&#8221;][et_pb_row column_structure=&#8221;1_2,1_2&#8243; _builder_version=&#8221;4.16&#8243; background_size=&#8221;initial&#8221; background_position=&#8221;top_left&#8221; background_repeat=&#8221;repeat&#8221; custom_margin=&#8221;|||&#8221; custom_padding=&#8221;0px|0px|27px|0px&#8221; global_colors_info=&#8221;{}&#8221;][et_pb_column type=&#8221;1_2&#8243; _builder_version=&#8221;4.16&#8243; custom_padding=&#8221;|||&#8221; global_colors_info=&#8221;{}&#8221; custom_padding__hover=&#8221;|||&#8221;][et_pb_blurb title=&#8221;Bilan de comp\u00e9tences&#8221; image=&#8221;https:\/\/www.executiveprofiler.fr\/wp-content\/uploads\/2021\/04\/coding-icon_8.jpg&#8221; icon_placement=&#8221;left&#8221; content_max_width=&#8221;1100px&#8221; _builder_version=&#8221;4.17.6&#8243; _dynamic_attributes=&#8221;link_option_url&#8221; header_font=&#8221;|on|||&#8221; header_text_color=&#8221;#2e2545&#8243; header_line_height=&#8221;1.5em&#8221; body_text_color=&#8221;#8585bd&#8221; body_font_size=&#8221;16px&#8221; body_line_height=&#8221;1.9em&#8221; background_color=&#8221;#ffffff&#8221; background_size=&#8221;initial&#8221; background_position=&#8221;top_left&#8221; background_repeat=&#8221;repeat&#8221; custom_margin=&#8221;0px||0px||true|false&#8221; custom_padding=&#8221;30px|40px|30px|40px&#8221; animation_style=&#8221;zoom&#8221; animation_direction=&#8221;bottom&#8221; animation_intensity_zoom=&#8221;20%&#8221; animation_starting_opacity=&#8221;100%&#8221; link_option_url=&#8221;@ET-DC@eyJkeW5hbWljIjp0cnVlLCJjb250ZW50IjoicG9zdF9saW5rX3VybF9wYWdlIiwic2V0dGluZ3MiOnsicG9zdF9pZCI6IjI5NTIifX0=@&#8221; box_shadow_style=&#8221;preset1&#8243; box_shadow_color=&#8221;rgba(71,74,182,0.12)&#8221; locked=&#8221;off&#8221; global_colors_info=&#8221;{}&#8221;][\/et_pb_blurb][et_pb_blurb title=&#8221;Coaching scolaire&#8221; image=&#8221;https:\/\/www.executiveprofiler.fr\/wp-content\/uploads\/2021\/05\/coding-icon_3.jpg&#8221; icon_placement=&#8221;left&#8221; content_max_width=&#8221;1100px&#8221; _builder_version=&#8221;4.17.6&#8243; _dynamic_attributes=&#8221;link_option_url&#8221; header_font=&#8221;|on|||&#8221; header_text_color=&#8221;#2e2545&#8243; header_line_height=&#8221;1.5em&#8221; body_text_color=&#8221;#8585bd&#8221; body_font_size=&#8221;16px&#8221; body_line_height=&#8221;1.9em&#8221; background_color=&#8221;#ffffff&#8221; background_size=&#8221;initial&#8221; background_position=&#8221;top_left&#8221; background_repeat=&#8221;repeat&#8221; custom_margin=&#8221;40px||40px||true|false&#8221; custom_padding=&#8221;30px|40px|30px|40px&#8221; animation_style=&#8221;zoom&#8221; animation_direction=&#8221;bottom&#8221; animation_intensity_zoom=&#8221;20%&#8221; animation_starting_opacity=&#8221;100%&#8221; link_option_url=&#8221;@ET-DC@eyJkeW5hbWljIjp0cnVlLCJjb250ZW50IjoicG9zdF9saW5rX3VybF9wYWdlIiwic2V0dGluZ3MiOnsicG9zdF9pZCI6IjM0MTAifX0=@&#8221; box_shadow_style=&#8221;preset1&#8243; box_shadow_color=&#8221;rgba(71,74,182,0.12)&#8221; locked=&#8221;off&#8221; global_colors_info=&#8221;{}&#8221;][\/et_pb_blurb][et_pb_blurb title=&#8221;Devenir Coach Praticien&#8221; url=&#8221;https:\/\/www.executiveprofiler.fr\/index.php\/devenir-coach-praticien\/?et_fb=1&#038;PageSpeed=off&#8221; image=&#8221;https:\/\/www.executiveprofiler.fr\/wp-content\/uploads\/2021\/05\/coding-icon_1.jpg&#8221; icon_placement=&#8221;left&#8221; content_max_width=&#8221;1100px&#8221; _builder_version=&#8221;4.17.6&#8243; _dynamic_attributes=&#8221;link_option_url&#8221; header_font=&#8221;|on|||&#8221; header_text_color=&#8221;#2e2545&#8243; header_line_height=&#8221;1.5em&#8221; body_text_color=&#8221;#8585bd&#8221; body_font_size=&#8221;16px&#8221; body_line_height=&#8221;1.9em&#8221; background_color=&#8221;#ffffff&#8221; background_size=&#8221;initial&#8221; background_position=&#8221;top_left&#8221; background_repeat=&#8221;repeat&#8221; custom_margin=&#8221;||0px||false|false&#8221; custom_padding=&#8221;30px|40px|30px|40px&#8221; animation_style=&#8221;zoom&#8221; animation_direction=&#8221;bottom&#8221; animation_intensity_zoom=&#8221;20%&#8221; animation_starting_opacity=&#8221;100%&#8221; link_option_url=&#8221;@ET-DC@eyJkeW5hbWljIjp0cnVlLCJjb250ZW50IjoicG9zdF9saW5rX3VybF9wYWdlIiwic2V0dGluZ3MiOnsicG9zdF9pZCI6Ijg4NzkifX0=@&#8221; box_shadow_style=&#8221;preset1&#8243; box_shadow_color=&#8221;rgba(71,74,182,0.12)&#8221; locked=&#8221;off&#8221; global_colors_info=&#8221;{}&#8221;][\/et_pb_blurb][et_pb_blurb title=&#8221;Nos Questionnaires Psychom\u00e9triques&#8221; url=&#8221;https:\/\/www.executiveprofiler.fr\/index.php\/devenir-coach-praticien\/?et_fb=1&#038;PageSpeed=off&#8221; image=&#8221;https:\/\/www.executiveprofiler.fr\/wp-content\/uploads\/2021\/05\/coding-icon_1.jpg&#8221; icon_placement=&#8221;left&#8221; content_max_width=&#8221;1100px&#8221; _builder_version=&#8221;4.17.6&#8243; _dynamic_attributes=&#8221;link_option_url&#8221; header_font=&#8221;|on|||&#8221; header_text_color=&#8221;#2e2545&#8243; header_line_height=&#8221;1.5em&#8221; body_text_color=&#8221;#8585bd&#8221; body_font_size=&#8221;16px&#8221; body_line_height=&#8221;1.9em&#8221; background_color=&#8221;#ffffff&#8221; background_size=&#8221;initial&#8221; background_position=&#8221;top_left&#8221; background_repeat=&#8221;repeat&#8221; custom_margin=&#8221;40px||40px||true|false&#8221; custom_padding=&#8221;30px|40px|30px|40px&#8221; animation_style=&#8221;zoom&#8221; animation_direction=&#8221;bottom&#8221; animation_intensity_zoom=&#8221;20%&#8221; animation_starting_opacity=&#8221;100%&#8221; link_option_url=&#8221;@ET-DC@eyJkeW5hbWljIjp0cnVlLCJjb250ZW50IjoicG9zdF9saW5rX3VybF9wYWdlIiwic2V0dGluZ3MiOnsicG9zdF9pZCI6IjgyMDAifX0=@&#8221; box_shadow_style=&#8221;preset1&#8243; box_shadow_color=&#8221;rgba(71,74,182,0.12)&#8221; locked=&#8221;off&#8221; global_colors_info=&#8221;{}&#8221;][\/et_pb_blurb][\/et_pb_column][et_pb_column type=&#8221;1_2&#8243; _builder_version=&#8221;4.16&#8243; custom_padding=&#8221;|||&#8221; global_colors_info=&#8221;{}&#8221; custom_padding__hover=&#8221;|||&#8221;][et_pb_blurb title=&#8221;Coaching de dirigeant&#8221; image=&#8221;https:\/\/www.executiveprofiler.fr\/wp-content\/uploads\/2021\/05\/coding-icon_7.jpg&#8221; icon_placement=&#8221;left&#8221; content_max_width=&#8221;1100px&#8221; _builder_version=&#8221;4.17.6&#8243; _dynamic_attributes=&#8221;link_option_url&#8221; header_font=&#8221;|on|||&#8221; header_text_color=&#8221;#2e2545&#8243; header_line_height=&#8221;1.5em&#8221; body_text_color=&#8221;#8585bd&#8221; body_font_size=&#8221;16px&#8221; body_line_height=&#8221;1.9em&#8221; background_color=&#8221;#ffffff&#8221; background_size=&#8221;initial&#8221; background_position=&#8221;top_left&#8221; background_repeat=&#8221;repeat&#8221; custom_margin=&#8221;0px||0px||true|false&#8221; custom_margin_tablet=&#8221;0px||10%|&#8221; custom_margin_phone=&#8221;&#8221; custom_margin_last_edited=&#8221;on|phone&#8221; custom_padding=&#8221;30px|40px|30px|40px&#8221; animation_style=&#8221;zoom&#8221; animation_direction=&#8221;bottom&#8221; animation_delay=&#8221;100ms&#8221; animation_intensity_zoom=&#8221;20%&#8221; animation_starting_opacity=&#8221;100%&#8221; link_option_url=&#8221;@ET-DC@eyJkeW5hbWljIjp0cnVlLCJjb250ZW50IjoicG9zdF9saW5rX3VybF9wYWdlIiwic2V0dGluZ3MiOnsicG9zdF9pZCI6IjkzNTUifX0=@&#8221; box_shadow_style=&#8221;preset1&#8243; box_shadow_color=&#8221;rgba(71,74,182,0.12)&#8221; locked=&#8221;off&#8221; global_colors_info=&#8221;{}&#8221;][\/et_pb_blurb][et_pb_blurb title=&#8221;Formations en intra&#8221; image=&#8221;https:\/\/www.executiveprofiler.fr\/wp-content\/uploads\/2021\/04\/coding-icon_2.jpg&#8221; icon_placement=&#8221;left&#8221; content_max_width=&#8221;1100px&#8221; _builder_version=&#8221;4.17.6&#8243; _dynamic_attributes=&#8221;link_option_url&#8221; header_font=&#8221;|on|||&#8221; header_text_color=&#8221;#2e2545&#8243; header_line_height=&#8221;1.5em&#8221; body_text_color=&#8221;#8585bd&#8221; body_font_size=&#8221;16px&#8221; body_line_height=&#8221;1.9em&#8221; background_color=&#8221;#ffffff&#8221; background_size=&#8221;initial&#8221; background_position=&#8221;top_left&#8221; background_repeat=&#8221;repeat&#8221; custom_margin=&#8221;40px||40px||true|false&#8221; custom_padding=&#8221;30px|40px|30px|40px&#8221; animation_style=&#8221;zoom&#8221; animation_direction=&#8221;bottom&#8221; animation_delay=&#8221;100ms&#8221; animation_intensity_zoom=&#8221;20%&#8221; animation_starting_opacity=&#8221;100%&#8221; link_option_url=&#8221;@ET-DC@eyJkeW5hbWljIjp0cnVlLCJjb250ZW50IjoicG9zdF9saW5rX3VybF9wYWdlIiwic2V0dGluZ3MiOnsicG9zdF9pZCI6Ijc5NjgifX0=@&#8221; box_shadow_style=&#8221;preset1&#8243; box_shadow_color=&#8221;rgba(71,74,182,0.12)&#8221; locked=&#8221;off&#8221; global_colors_info=&#8221;{}&#8221;][\/et_pb_blurb][et_pb_blurb title=&#8221;Conseil RH&#8221; image=&#8221;https:\/\/www.executiveprofiler.fr\/wp-content\/uploads\/2021\/04\/coding-icon_4.jpg&#8221; icon_placement=&#8221;left&#8221; content_max_width=&#8221;1100px&#8221; _builder_version=&#8221;4.17.6&#8243; _dynamic_attributes=&#8221;link_option_url&#8221; header_font=&#8221;|on|||&#8221; header_text_color=&#8221;#2e2545&#8243; header_line_height=&#8221;1.5em&#8221; body_text_color=&#8221;#8585bd&#8221; body_font_size=&#8221;16px&#8221; body_line_height=&#8221;1.9em&#8221; background_color=&#8221;#ffffff&#8221; background_size=&#8221;initial&#8221; background_position=&#8221;top_left&#8221; background_repeat=&#8221;repeat&#8221; custom_margin=&#8221;40px||40px||true|false&#8221; custom_padding=&#8221;30px|40px|30px|40px&#8221; animation_style=&#8221;zoom&#8221; animation_direction=&#8221;bottom&#8221; animation_delay=&#8221;100ms&#8221; animation_intensity_zoom=&#8221;20%&#8221; animation_starting_opacity=&#8221;100%&#8221; link_option_url=&#8221;@ET-DC@eyJkeW5hbWljIjp0cnVlLCJjb250ZW50IjoicG9zdF9saW5rX3VybF9wYWdlIiwic2V0dGluZ3MiOnsicG9zdF9pZCI6Ijc5ODAifX0=@&#8221; box_shadow_style=&#8221;preset1&#8243; box_shadow_color=&#8221;rgba(71,74,182,0.12)&#8221; locked=&#8221;off&#8221; global_colors_info=&#8221;{}&#8221;][\/et_pb_blurb][et_pb_blurb title=&#8221;Harc\u00e8lojeu&#8221; image=&#8221;https:\/\/www.executiveprofiler.fr\/wp-content\/uploads\/2021\/04\/coding-icon_4.jpg&#8221; icon_placement=&#8221;left&#8221; content_max_width=&#8221;1100px&#8221; _builder_version=&#8221;4.17.6&#8243; _dynamic_attributes=&#8221;link_option_url&#8221; header_font=&#8221;|on|||&#8221; header_text_color=&#8221;#2e2545&#8243; header_line_height=&#8221;1.5em&#8221; body_text_color=&#8221;#8585bd&#8221; body_font_size=&#8221;16px&#8221; body_line_height=&#8221;1.9em&#8221; background_color=&#8221;#ffffff&#8221; background_size=&#8221;initial&#8221; background_position=&#8221;top_left&#8221; background_repeat=&#8221;repeat&#8221; custom_margin=&#8221;||0px||false|false&#8221; custom_padding=&#8221;30px|40px|30px|40px&#8221; animation_style=&#8221;zoom&#8221; animation_direction=&#8221;bottom&#8221; animation_delay=&#8221;100ms&#8221; animation_intensity_zoom=&#8221;20%&#8221; animation_starting_opacity=&#8221;100%&#8221; link_option_url=&#8221;@ET-DC@eyJkeW5hbWljIjp0cnVlLCJjb250ZW50IjoicG9zdF9saW5rX3VybF9wYWdlIiwic2V0dGluZ3MiOnsicG9zdF9pZCI6IjkzNTUifX0=@&#8221; box_shadow_style=&#8221;preset1&#8243; box_shadow_color=&#8221;rgba(71,74,182,0.12)&#8221; locked=&#8221;off&#8221; global_colors_info=&#8221;{}&#8221;][\/et_pb_blurb][\/et_pb_column][\/et_pb_row][\/et_pb_section]\n","protected":false},"excerpt":{"rendered":"<p>&nbsp; &nbsp;<\/p>\n","protected":false},"author":3,"featured_media":0,"parent":0,"menu_order":0,"comment_status":"closed","ping_status":"closed","template":"","meta":{"_et_pb_use_builder":"on","_et_pb_old_content":"","_et_gb_content_width":"","footnotes":""},"class_list":["post-149","page","type-page","status-publish","hentry"],"yoast_head":"<!-- This site is optimized with the Yoast SEO plugin v27.4 - https:\/\/yoast.com\/product\/yoast-seo-wordpress\/ -->\n<title>Nos solutions - Executive Profiler<\/title>\n<meta name=\"description\" content=\"D\u00e9couvrez nos solutions chez Executive Profiler, incluant des formations, des coachings personnalis\u00e9s, des bilans de comp\u00e9tences...\" \/>\n<meta name=\"robots\" content=\"index, follow, max-snippet:-1, max-image-preview:large, max-video-preview:-1\" \/>\n<link rel=\"canonical\" href=\"https:\/\/www.executiveprofiler.fr\/index.php\/nos-solutions\/\" \/>\n<meta property=\"og:locale\" content=\"fr_FR\" \/>\n<meta property=\"og:type\" content=\"article\" \/>\n<meta property=\"og:title\" content=\"Nos solutions - Executive Profiler\" \/>\n<meta property=\"og:description\" content=\"D\u00e9couvrez nos solutions chez Executive Profiler, incluant des formations, des coachings personnalis\u00e9s, des bilans de comp\u00e9tences...\" \/>\n<meta property=\"og:url\" content=\"https:\/\/www.executiveprofiler.fr\/index.php\/nos-solutions\/\" \/>\n<meta property=\"og:site_name\" content=\"Executive Profiler\" \/>\n<meta property=\"article:publisher\" content=\"https:\/\/www.facebook.com\/executiveprofiler\" \/>\n<meta property=\"article:modified_time\" content=\"2024-05-29T09:37:42+00:00\" \/>\n<meta name=\"twitter:card\" content=\"summary_large_image\" \/>\n<meta name=\"twitter:label1\" content=\"Dur\u00e9e de lecture estim\u00e9e\" \/>\n\t<meta name=\"twitter:data1\" content=\"2 minutes\" \/>\n<script type=\"application\/ld+json\" class=\"yoast-schema-graph\">{\"@context\":\"https:\\\/\\\/schema.org\",\"@graph\":[{\"@type\":\"WebPage\",\"@id\":\"https:\\\/\\\/www.executiveprofiler.fr\\\/index.php\\\/nos-solutions\\\/\",\"url\":\"https:\\\/\\\/www.executiveprofiler.fr\\\/index.php\\\/nos-solutions\\\/\",\"name\":\"Nos solutions - Executive Profiler\",\"isPartOf\":{\"@id\":\"https:\\\/\\\/www.executiveprofiler.fr\\\/#website\"},\"datePublished\":\"2021-03-30T11:28:37+00:00\",\"dateModified\":\"2024-05-29T09:37:42+00:00\",\"description\":\"D\u00e9couvrez nos solutions chez Executive Profiler, incluant des formations, des coachings personnalis\u00e9s, des bilans de comp\u00e9tences...\",\"breadcrumb\":{\"@id\":\"https:\\\/\\\/www.executiveprofiler.fr\\\/index.php\\\/nos-solutions\\\/#breadcrumb\"},\"inLanguage\":\"fr-FR\",\"potentialAction\":[{\"@type\":\"ReadAction\",\"target\":[\"https:\\\/\\\/www.executiveprofiler.fr\\\/index.php\\\/nos-solutions\\\/\"]}]},{\"@type\":\"BreadcrumbList\",\"@id\":\"https:\\\/\\\/www.executiveprofiler.fr\\\/index.php\\\/nos-solutions\\\/#breadcrumb\",\"itemListElement\":[{\"@type\":\"ListItem\",\"position\":1,\"name\":\"Accueil\",\"item\":\"https:\\\/\\\/www.executiveprofiler.fr\\\/\"},{\"@type\":\"ListItem\",\"position\":2,\"name\":\"Nos solutions\"}]},{\"@type\":\"WebSite\",\"@id\":\"https:\\\/\\\/www.executiveprofiler.fr\\\/#website\",\"url\":\"https:\\\/\\\/www.executiveprofiler.fr\\\/\",\"name\":\"Executive Profiler\",\"description\":\"R\u00e9v\u00e9lez votre Talents\",\"publisher\":{\"@id\":\"https:\\\/\\\/www.executiveprofiler.fr\\\/#organization\"},\"potentialAction\":[{\"@type\":\"SearchAction\",\"target\":{\"@type\":\"EntryPoint\",\"urlTemplate\":\"https:\\\/\\\/www.executiveprofiler.fr\\\/?s={search_term_string}\"},\"query-input\":{\"@type\":\"PropertyValueSpecification\",\"valueRequired\":true,\"valueName\":\"search_term_string\"}}],\"inLanguage\":\"fr-FR\"},{\"@type\":\"Organization\",\"@id\":\"https:\\\/\\\/www.executiveprofiler.fr\\\/#organization\",\"name\":\"Executive Profiler\",\"url\":\"https:\\\/\\\/www.executiveprofiler.fr\\\/\",\"logo\":{\"@type\":\"ImageObject\",\"inLanguage\":\"fr-FR\",\"@id\":\"https:\\\/\\\/www.executiveprofiler.fr\\\/#\\\/schema\\\/logo\\\/image\\\/\",\"url\":\"https:\\\/\\\/www.executiveprofiler.fr\\\/wp-content\\\/uploads\\\/2024\\\/05\\\/logo-EP-.png\",\"contentUrl\":\"https:\\\/\\\/www.executiveprofiler.fr\\\/wp-content\\\/uploads\\\/2024\\\/05\\\/logo-EP-.png\",\"width\":1148,\"height\":578,\"caption\":\"Executive Profiler\"},\"image\":{\"@id\":\"https:\\\/\\\/www.executiveprofiler.fr\\\/#\\\/schema\\\/logo\\\/image\\\/\"},\"sameAs\":[\"https:\\\/\\\/www.facebook.com\\\/executiveprofiler\",\"https:\\\/\\\/www.linkedin.com\\\/in\\\/norrito\\\/\",\"https:\\\/\\\/www.youtube.com\\\/channel\\\/UCVzcTreI5uP3M7ty0S_BHsw\"]}]}<\/script>\n<!-- \/ Yoast SEO plugin. -->","yoast_head_json":{"title":"Nos solutions - Executive Profiler","description":"D\u00e9couvrez nos solutions chez Executive Profiler, incluant des formations, des coachings personnalis\u00e9s, des bilans de comp\u00e9tences...","robots":{"index":"index","follow":"follow","max-snippet":"max-snippet:-1","max-image-preview":"max-image-preview:large","max-video-preview":"max-video-preview:-1"},"canonical":"https:\/\/www.executiveprofiler.fr\/index.php\/nos-solutions\/","og_locale":"fr_FR","og_type":"article","og_title":"Nos solutions - Executive Profiler","og_description":"D\u00e9couvrez nos solutions chez Executive Profiler, incluant des formations, des coachings personnalis\u00e9s, des bilans de comp\u00e9tences...","og_url":"https:\/\/www.executiveprofiler.fr\/index.php\/nos-solutions\/","og_site_name":"Executive Profiler","article_publisher":"https:\/\/www.facebook.com\/executiveprofiler","article_modified_time":"2024-05-29T09:37:42+00:00","twitter_card":"summary_large_image","twitter_misc":{"Dur\u00e9e de lecture estim\u00e9e":"2 minutes"},"schema":{"@context":"https:\/\/schema.org","@graph":[{"@type":"WebPage","@id":"https:\/\/www.executiveprofiler.fr\/index.php\/nos-solutions\/","url":"https:\/\/www.executiveprofiler.fr\/index.php\/nos-solutions\/","name":"Nos solutions - Executive Profiler","isPartOf":{"@id":"https:\/\/www.executiveprofiler.fr\/#website"},"datePublished":"2021-03-30T11:28:37+00:00","dateModified":"2024-05-29T09:37:42+00:00","description":"D\u00e9couvrez nos solutions chez Executive Profiler, incluant des formations, des coachings personnalis\u00e9s, des bilans de comp\u00e9tences...","breadcrumb":{"@id":"https:\/\/www.executiveprofiler.fr\/index.php\/nos-solutions\/#breadcrumb"},"inLanguage":"fr-FR","potentialAction":[{"@type":"ReadAction","target":["https:\/\/www.executiveprofiler.fr\/index.php\/nos-solutions\/"]}]},{"@type":"BreadcrumbList","@id":"https:\/\/www.executiveprofiler.fr\/index.php\/nos-solutions\/#breadcrumb","itemListElement":[{"@type":"ListItem","position":1,"name":"Accueil","item":"https:\/\/www.executiveprofiler.fr\/"},{"@type":"ListItem","position":2,"name":"Nos solutions"}]},{"@type":"WebSite","@id":"https:\/\/www.executiveprofiler.fr\/#website","url":"https:\/\/www.executiveprofiler.fr\/","name":"Executive Profiler","description":"R\u00e9v\u00e9lez votre Talents","publisher":{"@id":"https:\/\/www.executiveprofiler.fr\/#organization"},"potentialAction":[{"@type":"SearchAction","target":{"@type":"EntryPoint","urlTemplate":"https:\/\/www.executiveprofiler.fr\/?s={search_term_string}"},"query-input":{"@type":"PropertyValueSpecification","valueRequired":true,"valueName":"search_term_string"}}],"inLanguage":"fr-FR"},{"@type":"Organization","@id":"https:\/\/www.executiveprofiler.fr\/#organization","name":"Executive Profiler","url":"https:\/\/www.executiveprofiler.fr\/","logo":{"@type":"ImageObject","inLanguage":"fr-FR","@id":"https:\/\/www.executiveprofiler.fr\/#\/schema\/logo\/image\/","url":"https:\/\/www.executiveprofiler.fr\/wp-content\/uploads\/2024\/05\/logo-EP-.png","contentUrl":"https:\/\/www.executiveprofiler.fr\/wp-content\/uploads\/2024\/05\/logo-EP-.png","width":1148,"height":578,"caption":"Executive Profiler"},"image":{"@id":"https:\/\/www.executiveprofiler.fr\/#\/schema\/logo\/image\/"},"sameAs":["https:\/\/www.facebook.com\/executiveprofiler","https:\/\/www.linkedin.com\/in\/norrito\/","https:\/\/www.youtube.com\/channel\/UCVzcTreI5uP3M7ty0S_BHsw"]}]}},"acf":[],"_links":{"self":[{"href":"https:\/\/www.executiveprofiler.fr\/index.php\/wp-json\/wp\/v2\/pages\/149","targetHints":{"allow":["GET"]}}],"collection":[{"href":"https:\/\/www.executiveprofiler.fr\/index.php\/wp-json\/wp\/v2\/pages"}],"about":[{"href":"https:\/\/www.executiveprofiler.fr\/index.php\/wp-json\/wp\/v2\/types\/page"}],"author":[{"embeddable":true,"href":"https:\/\/www.executiveprofiler.fr\/index.php\/wp-json\/wp\/v2\/users\/3"}],"replies":[{"embeddable":true,"href":"https:\/\/www.executiveprofiler.fr\/index.php\/wp-json\/wp\/v2\/comments?post=149"}],"version-history":[{"count":49,"href":"https:\/\/www.executiveprofiler.fr\/index.php\/wp-json\/wp\/v2\/pages\/149\/revisions"}],"predecessor-version":[{"id":10269,"href":"https:\/\/www.executiveprofiler.fr\/index.php\/wp-json\/wp\/v2\/pages\/149\/revisions\/10269"}],"wp:attachment":[{"href":"https:\/\/www.executiveprofiler.fr\/index.php\/wp-json\/wp\/v2\/media?parent=149"}],"curies":[{"name":"wp","href":"https:\/\/api.w.org\/{rel}","templated":true}]}}