{"id":1161,"date":"2021-06-09T09:05:01","date_gmt":"2021-06-09T07:05:01","guid":{"rendered":"https:\/\/www.executiveprofiler.fr\/?page_id=1161"},"modified":"2024-07-11T16:48:26","modified_gmt":"2024-07-11T14:48:26","slug":"pack-booster","status":"publish","type":"page","link":"https:\/\/www.executiveprofiler.fr\/index.php\/pack-booster\/","title":{"rendered":"Pack Booster"},"content":{"rendered":"<p>[et_pb_section fb_built=&#8221;1&#8243; fullwidth=&#8221;on&#8221; _builder_version=&#8221;4.17.6&#8243; _module_preset=&#8221;default&#8221; global_colors_info=&#8221;{}&#8221;][et_pb_fullwidth_image src=&#8221;https:\/\/www.executiveprofiler.fr\/wp-content\/uploads\/2024\/04\/Banniere-page-du-site-4.png&#8221; alt=&#8221;Pack Booster&#8221; title_text=&#8221;Banni\u00e8re page du site (4)&#8221; _builder_version=&#8221;4.17.6&#8243; _module_preset=&#8221;default&#8221; global_colors_info=&#8221;{}&#8221;][\/et_pb_fullwidth_image][\/et_pb_section][et_pb_section fb_built=&#8221;1&#8243; admin_label=&#8221;Services&#8221; _builder_version=&#8221;4.17.6&#8243; background_image=&#8221;https:\/\/www.executiveprofiler.fr\/wp-content\/uploads\/2024\/03\/Fond-de-site-2.png&#8221; min_height=&#8221;522.4px&#8221; custom_padding=&#8221;56px||116px|||&#8221; locked=&#8221;off&#8221; global_colors_info=&#8221;{}&#8221;][et_pb_row column_structure=&#8221;1_2,1_2&#8243; _builder_version=&#8221;4.16&#8243; _module_preset=&#8221;default&#8221; global_colors_info=&#8221;{}&#8221;][et_pb_column type=&#8221;1_2&#8243; _builder_version=&#8221;4.16&#8243; _module_preset=&#8221;default&#8221; global_colors_info=&#8221;{}&#8221;][et_pb_blurb admin_label=&#8221;Class&#8221; _builder_version=&#8221;4.17.6&#8243; header_font=&#8221;Poppins|600|||||||&#8221; header_text_align=&#8221;center&#8221; header_text_color=&#8221;#ea5b0c&#8221; header_font_size=&#8221;26px&#8221; header_line_height=&#8221;1.3em&#8221; body_font=&#8221;Open Sans||||||||&#8221; body_text_align=&#8221;center&#8221; body_text_color=&#8221;#486066&#8243; body_line_height=&#8221;1.8em&#8221; background_color=&#8221;#ffffff&#8221; min_height=&#8221;137px&#8221; custom_margin=&#8221;|||&#8221; custom_padding=&#8221;20px|30px|20px|30px|false|false&#8221; animation_style=&#8221;fade&#8221; animation_delay=&#8221;200ms&#8221; animation=&#8221;off&#8221; border_radii=&#8221;on|20px|20px|20px|20px&#8221; box_shadow_style=&#8221;preset1&#8243; box_shadow_vertical=&#8221;10px&#8221; box_shadow_blur=&#8221;24px&#8221; box_shadow_spread=&#8221;6px&#8221; box_shadow_color=&#8221;rgba(0,0,0,0.06)&#8221; locked=&#8221;off&#8221; global_colors_info=&#8221;{}&#8221;]<\/p>\n<h1 style=\"text-align: center;\"><span style=\"color: #0b4580;\"><strong>PACK BOOSTER<\/strong><\/span><\/h1>\n<h4 style=\"text-align: center;\"><span style=\"color: #ff9900;\"><strong><span style=\"color: #3366ff;\"><span style=\"color: #68bd9a;\">VOS BESOINS<\/span><\/span><\/strong><\/span><\/h4>\n<p><span style=\"color: #ff9900;\"><strong><span style=\"color: #3366ff;\"><span style=\"color: #68bd9a;\"><\/span><\/span><\/strong><\/span><\/p>\n<ul>\n<li style=\"text-align: left;\"><span style=\"font-weight: 400;\">Vous voulez <strong><span style=\"color: #68bd9a;\">donner de l\u2019\u00e9lan \u00e0 votre carri\u00e8re<\/span><\/strong> en pr\u00e9servant un \u00e9quilibre entre votre vie professionnelle et votre vie personnelle ?<\/span><\/li>\n<li style=\"font-weight: 400; text-align: left;\" aria-level=\"1\"><span style=\"font-weight: 400;\">Vous souhaitez <strong><span style=\"color: #68bd9a;\">valider rapidement<\/span><\/strong> votre projet professionnel ?<\/span><\/li>\n<li style=\"font-weight: 400; text-align: left;\" aria-level=\"1\"><span style=\"font-weight: 400;\">Vous avez besoin d\u2019<strong><span style=\"color: #68bd9a;\">\u00eatre autonome<\/span><\/strong> dans vos recherches et \u00eatre efficace dans votre communication ?<\/span><\/li>\n<\/ul>\n<p style=\"text-align: center;\"><span style=\"color: #0b4580;\"><strong>LE PACK BOOSTER EST FAIT POUR VOUS<\/strong><\/span><\/p>\n<p>&nbsp;<\/p>\n<p>[\/et_pb_blurb][\/et_pb_column][et_pb_column type=&#8221;1_2&#8243; _builder_version=&#8221;4.16&#8243; _module_preset=&#8221;default&#8221; global_colors_info=&#8221;{}&#8221;][et_pb_blurb content_max_width=&#8221;425px&#8221; admin_label=&#8221;Class&#8221; _builder_version=&#8221;4.17.6&#8243; header_font=&#8221;Poppins|600|||||||&#8221; header_text_align=&#8221;center&#8221; header_text_color=&#8221;#ea5b0c&#8221; header_font_size=&#8221;26px&#8221; header_line_height=&#8221;1.3em&#8221; body_font=&#8221;Open Sans||||||||&#8221; body_text_align=&#8221;center&#8221; body_text_color=&#8221;#486066&#8243; body_line_height=&#8221;1.8em&#8221; background_color=&#8221;#ffffff&#8221; min_height=&#8221;248px&#8221; custom_margin=&#8221;|||&#8221; custom_padding=&#8221;20px|30px|0px|30px|false|false&#8221; animation_style=&#8221;fade&#8221; animation_delay=&#8221;200ms&#8221; animation=&#8221;off&#8221; border_radii=&#8221;on|20px|20px|20px|20px&#8221; box_shadow_style=&#8221;preset1&#8243; box_shadow_vertical=&#8221;10px&#8221; box_shadow_blur=&#8221;24px&#8221; box_shadow_spread=&#8221;6px&#8221; box_shadow_color=&#8221;rgba(0,0,0,0.06)&#8221; locked=&#8221;off&#8221; global_colors_info=&#8221;{}&#8221;]<\/p>\n<h1 style=\"text-align: center;\"><strong><span style=\"color: #0b4580;\">Modalit\u00e9s de formation<\/span><\/strong><\/h1>\n<p><span style=\"color: #0b4580;\"><\/span><\/p>\n<p><span style=\"font-weight: 400;\"><strong><span style=\"color: #68bd9a;\">Dur\u00e9e<\/span><\/strong> <strong>: 13h00 sur 6 \u00e0 10 semaines\u00a0<\/strong><\/span><\/p>\n<p><span style=\"font-weight: 400;\"><\/span><\/p>\n<ul>\n<li style=\"text-align: left;\"><span style=\"font-weight: 400;\"><span style=\"color: #68bd9a;\"><b>4h30 <\/b><\/span><\/span><span style=\"font-weight: 400;\">d&#8217;entretien avec votre consultant<\/span><\/li>\n<li style=\"text-align: left;\"><span style=\"font-weight: 400;\"><span style=\"color: #68bd9a;\"><b>4h30 <\/b><\/span><\/span><span style=\"font-weight: 400;\">de Learning Management System<\/span><\/li>\n<li style=\"text-align: left;\"><span style=\"font-weight: 400;\"><span style=\"color: #68bd9a;\"><b>4h <\/b><\/span><\/span><span style=\"font-weight: 400;\">de travail personnel<\/span><span style=\"font-weight: 400;\"><\/span><\/li>\n<li style=\"text-align: left;\"><span style=\"font-weight: 400;\"><span style=\"color: #68bd9a;\"><b>Entretien de suivi <\/b><\/span><\/span><span style=\"font-weight: 400;\">\u00e0 6 mois<\/span><span style=\"font-weight: 400;\"><\/span><\/li>\n<\/ul>\n<p>[\/et_pb_blurb][\/et_pb_column][\/et_pb_row][\/et_pb_section][et_pb_section fb_built=&#8221;1&#8243; admin_label=&#8221;Services&#8221; _builder_version=&#8221;4.17.6&#8243; background_image=&#8221;https:\/\/www.executiveprofiler.fr\/wp-content\/uploads\/2024\/03\/Fond-de-site-3.png&#8221; custom_padding=&#8221;0px||0px||false|false&#8221; locked=&#8221;off&#8221; global_colors_info=&#8221;{}&#8221;][et_pb_row column_structure=&#8221;1_2,1_2&#8243; _builder_version=&#8221;4.16&#8243; _module_preset=&#8221;default&#8221; global_colors_info=&#8221;{}&#8221;][et_pb_column type=&#8221;1_2&#8243; _builder_version=&#8221;4.16&#8243; _module_preset=&#8221;default&#8221; global_colors_info=&#8221;{}&#8221;][et_pb_blurb admin_label=&#8221;Class&#8221; _builder_version=&#8221;4.17.6&#8243; header_font=&#8221;Poppins|600|||||||&#8221; header_text_align=&#8221;center&#8221; header_text_color=&#8221;#ea5b0c&#8221; header_font_size=&#8221;26px&#8221; header_line_height=&#8221;1.3em&#8221; body_font=&#8221;Open Sans||||||||&#8221; body_text_align=&#8221;center&#8221; body_text_color=&#8221;#486066&#8243; body_line_height=&#8221;1.8em&#8221; background_color=&#8221;#ffffff&#8221; min_height=&#8221;137px&#8221; custom_margin=&#8221;|||&#8221; custom_padding=&#8221;20px|30px|20px|30px|false|false&#8221; animation_style=&#8221;fade&#8221; animation_delay=&#8221;200ms&#8221; animation=&#8221;off&#8221; border_radii=&#8221;on|20px|20px|20px|20px&#8221; box_shadow_style=&#8221;preset1&#8243; box_shadow_vertical=&#8221;10px&#8221; box_shadow_blur=&#8221;24px&#8221; box_shadow_spread=&#8221;6px&#8221; box_shadow_color=&#8221;rgba(0,0,0,0.06)&#8221; locked=&#8221;off&#8221; global_colors_info=&#8221;{}&#8221;]<\/p>\n<h1 style=\"text-align: center;\"><span style=\"color: #0b4580;\"><strong>Objectif<\/strong><\/span><\/h1>\n<p><span style=\"color: #0b4580;\"><strong><\/strong><\/span><\/p>\n<p style=\"text-align: justify;\"><span style=\"font-weight: 400;\">Le Pack Booster est un bilan de comp\u00e9tences qui contient les \u00e9l\u00e9ments essentiels pour booster votre carri\u00e8re et vous faire \u00e9voluer positivement dans votre vie professionnelle et personnelle. V\u00e9ritable formation \u00e0 la connaissance de soi et des autres, le Pack Booster vous permet d&#8217;aller \u00e0 l&#8217;essentiel et d&#8217;\u00eatre rapidement autonome dans vos d\u00e9marches de candidature. Vous serez accompagn\u00e9.e par les Conseillers Talents d&#8217;Executive Profiler pour faire les bons choix. Organis\u00e9 \u00e0 distance, le Pack Booster s&#8217;adapte \u00e0 votre rythme.<\/span><\/p>\n<p>[\/et_pb_blurb][\/et_pb_column][et_pb_column type=&#8221;1_2&#8243; _builder_version=&#8221;4.16&#8243; _module_preset=&#8221;default&#8221; global_colors_info=&#8221;{}&#8221;][et_pb_blurb content_max_width=&#8221;425px&#8221; admin_label=&#8221;Class&#8221; _builder_version=&#8221;4.17.6&#8243; header_font=&#8221;Poppins|600|||||||&#8221; header_text_align=&#8221;center&#8221; header_text_color=&#8221;#ea5b0c&#8221; header_font_size=&#8221;26px&#8221; header_line_height=&#8221;1.3em&#8221; body_font=&#8221;Open Sans||||||||&#8221; body_text_align=&#8221;center&#8221; body_text_color=&#8221;#486066&#8243; body_line_height=&#8221;1.8em&#8221; background_color=&#8221;#ffffff&#8221; min_height=&#8221;248px&#8221; custom_margin=&#8221;|||&#8221; custom_padding=&#8221;20px|0px|20px|0px|false|false&#8221; animation_style=&#8221;fade&#8221; animation_delay=&#8221;200ms&#8221; animation=&#8221;off&#8221; border_radii=&#8221;on|20px|20px|20px|20px&#8221; box_shadow_style=&#8221;preset1&#8243; box_shadow_vertical=&#8221;10px&#8221; box_shadow_blur=&#8221;24px&#8221; box_shadow_spread=&#8221;6px&#8221; box_shadow_color=&#8221;rgba(0,0,0,0.06)&#8221; locked=&#8221;off&#8221; global_colors_info=&#8221;{}&#8221;]<\/p>\n<h1 style=\"text-align: center;\"><strong><span style=\"color: #0b4580;\">Les points forts de la formation<\/span><\/strong><\/h1>\n<p><strong><span style=\"color: #0b4580;\"><\/span><\/strong><\/p>\n<p style=\"text-align: justify;\"><span style=\"font-weight: 400;\">Le Pack Booster offre en un temps record, les apports les plus efficaces en mati\u00e8re d&#8217;orientation. Il r\u00e9v\u00e8le votre Talent, vous rend autonome, augmente vos comp\u00e9tences et s&#8217;adapte \u00e0 votre rythme gr\u00e2ce au e.learning.<\/span><\/p>\n<p>[\/et_pb_blurb][\/et_pb_column][\/et_pb_row][et_pb_row _builder_version=&#8221;4.17.6&#8243; _module_preset=&#8221;default&#8221; global_colors_info=&#8221;{}&#8221;][et_pb_column type=&#8221;4_4&#8243; _builder_version=&#8221;4.17.6&#8243; _module_preset=&#8221;default&#8221; global_colors_info=&#8221;{}&#8221;][et_pb_text _builder_version=&#8221;4.17.6&#8243; _module_preset=&#8221;default&#8221; background_color=&#8221;#FFFFFF&#8221; custom_padding=&#8221;20px|20px|20px|20px|false|false&#8221; border_radii=&#8221;on|20px|20px|20px|20px&#8221; box_shadow_style=&#8221;preset1&#8243; global_colors_info=&#8221;{}&#8221;]<\/p>\n<h1 style=\"text-align: center;\"><strong><span style=\"color: #0b4580;\">Contenu de la formation<\/span><\/strong><\/h1>\n<p><strong><span style=\"color: #0b4580;\"><\/span><\/strong><\/p>\n<p style=\"text-align: justify;\"><span style=\"color: #ff9900;\"><b><span style=\"font-weight: 400;\"><strong><span style=\"color: #68bd9a;\">Le Module 1\u00a0<\/span><\/strong><\/span> <\/b><\/span><span style=\"font-weight: 400;\">vous permet de r\u00e9v\u00e9ler votre Talent, de conna\u00eetre votre mode de fonctionnement hors pression et sous pression pour g\u00e9rer efficacement vos \u00e9motions et surpasser vos croyances limitantes. Vous d\u00e9couvrirez votre mode d&#8217;apprentissage, de r\u00e9solution de probl\u00e8me, votre style de leadership et de communication.<\/span><\/p>\n<p style=\"text-align: justify;\"><span style=\"font-weight: 400;\"><span style=\"color: #ff9900;\"><b><strong><span style=\"color: #68bd9a;\">Le Module 2<\/span><\/strong><\/b><\/span>\u00a0vous permet d&#8217;approfondir la connaissance des autres Talents et comment bien travailler et communiquer avec.\u00a0<\/span><\/p>\n<p style=\"text-align: justify;\"><span style=\"font-weight: 400;\"><span style=\"color: #ff9900;\"><b><strong><span style=\"color: #68bd9a;\">Le Module 3 <\/span><\/strong><\/b><\/span><\/span><span style=\"font-weight: 400;\">vous aide \u00e0 identifier vos motivations pour choisir l&#8217;environnement de travail qui vous convient . Vous prendrez conscience de votre rapport \u00e0 l&#8217;autorit\u00e9, votre besoin de s\u00e9curit\u00e9 ou de libert\u00e9.\u00a0<\/span><\/p>\n<p style=\"text-align: justify;\"><span style=\"font-weight: 400;\"><span style=\"color: #ff9900;\"><b><strong><span style=\"color: #68bd9a;\">Le Module 4<\/span><\/strong><\/b><\/span>\u00a0vous permet de mettre \u00e0 plat vos comp\u00e9tences techniques pour composer votre passeport comp\u00e9tences.\u00a0<\/span><\/p>\n<p style=\"text-align: justify;\"><span style=\"font-weight: 400;\"><span style=\"color: #ff9900;\"><b><strong><span style=\"color: #68bd9a;\">Le Module 5 <\/span><\/strong><\/b><\/span>vous permet de b\u00e2tir votre plan de d\u00e9veloppement en accord avec votre \u00e9cologie personnelle. Vous choisirez votre orientation et votre formation vers des m\u00e9tiers \u00e9mergents ou porteurs.<\/span><\/p>\n<p>[\/et_pb_text][\/et_pb_column][\/et_pb_row][et_pb_row _builder_version=&#8221;4.17.6&#8243; _module_preset=&#8221;default&#8221; global_colors_info=&#8221;{}&#8221;][et_pb_column type=&#8221;4_4&#8243; _builder_version=&#8221;4.17.6&#8243; _module_preset=&#8221;default&#8221; global_colors_info=&#8221;{}&#8221;][et_pb_text _builder_version=&#8221;4.17.6&#8243; _module_preset=&#8221;default&#8221; background_color=&#8221;#FFFFFF&#8221; custom_padding=&#8221;20px|20px|20px|20px|false|false&#8221; border_radii=&#8221;on|20px|20px|20px|20px&#8221; box_shadow_style=&#8221;preset1&#8243; global_colors_info=&#8221;{}&#8221;]<\/p>\n<h1 style=\"text-align: center;\"><strong><span style=\"color: #0b4580;\">R\u00e9sultats attendus de la formation<\/span><\/strong><\/h1>\n<p><strong><span style=\"color: #0b4580;\"><\/span><\/strong><\/p>\n<p style=\"text-align: justify;\"><span style=\"font-weight: 400;\">Le Pack Booster apporte l&#8217;essentiel de la d\u00e9marche Executive Profiler dans la recherche d&#8217;un nouvel emploi. Plus qu&#8217;un bilan de comp\u00e9tences, le Pack Booster est une v\u00e9ritable formation \u00e0 la connaissance de soi et des autres. Il vous\u00a0 rend autonome dans votre \u00e9volution de carri\u00e8re. Vous\u00a0 validez votre projet professionnel au regard des demandes du march\u00e9 et notamment sur les m\u00e9tiers \u00e9mergents ou porteurs. Le Pack Booster vous permet d&#8217;obtenir des Badges Comp\u00e9tences, capitalisables sur les parcours de formation d&#8217;Executive Profiler.<\/span><\/p>\n<p>[\/et_pb_text][et_pb_button button_url=&#8221;@ET-DC@eyJkeW5hbWljIjp0cnVlLCJjb250ZW50IjoicG9zdF9saW5rX3VybF9wYWdlIiwic2V0dGluZ3MiOnsicG9zdF9pZCI6IjI5NTIifX0=@&#8221; button_text=&#8221;Nos autres Packs !&#8221; button_alignment=&#8221;center&#8221; _builder_version=&#8221;4.17.6&#8243; _dynamic_attributes=&#8221;button_url&#8221; _module_preset=&#8221;default&#8221; custom_button=&#8221;on&#8221; button_bg_color=&#8221;#0C71C3&#8243; background_layout=&#8221;dark&#8221; custom_margin=&#8221;0px||||false|false&#8221; hover_enabled=&#8221;0&#8243; global_colors_info=&#8221;{}&#8221; locked=&#8221;off&#8221; sticky_enabled=&#8221;0&#8243;][\/et_pb_button][\/et_pb_column][\/et_pb_row][\/et_pb_section]<\/p>\n","protected":false},"excerpt":{"rendered":"<p>PACK BOOSTER VOS BESOINS Vous voulez donner de l\u2019\u00e9lan \u00e0 votre carri\u00e8re en pr\u00e9servant un \u00e9quilibre entre votre vie professionnelle et votre vie personnelle ? Vous souhaitez valider rapidement votre projet professionnel ? Vous avez besoin d\u2019\u00eatre autonome dans vos recherches et \u00eatre efficace dans votre communication ? LE PACK BOOSTER EST FAIT POUR VOUS [&hellip;]<\/p>\n","protected":false},"author":8,"featured_media":0,"parent":0,"menu_order":0,"comment_status":"closed","ping_status":"closed","template":"","meta":{"_et_pb_use_builder":"on","_et_pb_old_content":"","_et_gb_content_width":"","footnotes":""},"class_list":["post-1161","page","type-page","status-publish","hentry"],"yoast_head":"<!-- This site is optimized with the Yoast SEO plugin v27.4 - https:\/\/yoast.com\/product\/yoast-seo-wordpress\/ -->\n<title>Pack Booster - Executive Profiler<\/title>\n<meta name=\"description\" content=\"D\u00e9couvrez le Pack Booster : une solution innovante pour propulser votre carri\u00e8re et optimiser vos comp\u00e9tences professionnelles.\" \/>\n<meta name=\"robots\" content=\"index, follow, max-snippet:-1, max-image-preview:large, max-video-preview:-1\" \/>\n<link rel=\"canonical\" href=\"https:\/\/www.executiveprofiler.fr\/index.php\/pack-booster\/\" \/>\n<meta property=\"og:locale\" content=\"fr_FR\" \/>\n<meta property=\"og:type\" content=\"article\" \/>\n<meta property=\"og:title\" content=\"Pack Booster - Executive Profiler\" \/>\n<meta property=\"og:description\" content=\"D\u00e9couvrez le Pack Booster : une solution innovante pour propulser votre carri\u00e8re et optimiser vos comp\u00e9tences professionnelles.\" \/>\n<meta property=\"og:url\" content=\"https:\/\/www.executiveprofiler.fr\/index.php\/pack-booster\/\" \/>\n<meta property=\"og:site_name\" content=\"Executive Profiler\" \/>\n<meta property=\"article:publisher\" content=\"https:\/\/www.facebook.com\/executiveprofiler\" \/>\n<meta property=\"article:modified_time\" content=\"2024-07-11T14:48:26+00:00\" \/>\n<meta name=\"twitter:card\" content=\"summary_large_image\" \/>\n<meta name=\"twitter:label1\" content=\"Dur\u00e9e de lecture estim\u00e9e\" \/>\n\t<meta name=\"twitter:data1\" content=\"4 minutes\" \/>\n<script type=\"application\/ld+json\" class=\"yoast-schema-graph\">{\"@context\":\"https:\\\/\\\/schema.org\",\"@graph\":[{\"@type\":\"WebPage\",\"@id\":\"https:\\\/\\\/www.executiveprofiler.fr\\\/index.php\\\/pack-booster\\\/\",\"url\":\"https:\\\/\\\/www.executiveprofiler.fr\\\/index.php\\\/pack-booster\\\/\",\"name\":\"Pack Booster - Executive Profiler\",\"isPartOf\":{\"@id\":\"https:\\\/\\\/www.executiveprofiler.fr\\\/#website\"},\"datePublished\":\"2021-06-09T07:05:01+00:00\",\"dateModified\":\"2024-07-11T14:48:26+00:00\",\"description\":\"D\u00e9couvrez le Pack Booster : une solution innovante pour propulser votre carri\u00e8re et optimiser vos comp\u00e9tences professionnelles.\",\"breadcrumb\":{\"@id\":\"https:\\\/\\\/www.executiveprofiler.fr\\\/index.php\\\/pack-booster\\\/#breadcrumb\"},\"inLanguage\":\"fr-FR\",\"potentialAction\":[{\"@type\":\"ReadAction\",\"target\":[\"https:\\\/\\\/www.executiveprofiler.fr\\\/index.php\\\/pack-booster\\\/\"]}]},{\"@type\":\"BreadcrumbList\",\"@id\":\"https:\\\/\\\/www.executiveprofiler.fr\\\/index.php\\\/pack-booster\\\/#breadcrumb\",\"itemListElement\":[{\"@type\":\"ListItem\",\"position\":1,\"name\":\"Accueil\",\"item\":\"https:\\\/\\\/www.executiveprofiler.fr\\\/\"},{\"@type\":\"ListItem\",\"position\":2,\"name\":\"Pack Booster\"}]},{\"@type\":\"WebSite\",\"@id\":\"https:\\\/\\\/www.executiveprofiler.fr\\\/#website\",\"url\":\"https:\\\/\\\/www.executiveprofiler.fr\\\/\",\"name\":\"Executive Profiler\",\"description\":\"R\u00e9v\u00e9lez votre Talents\",\"publisher\":{\"@id\":\"https:\\\/\\\/www.executiveprofiler.fr\\\/#organization\"},\"potentialAction\":[{\"@type\":\"SearchAction\",\"target\":{\"@type\":\"EntryPoint\",\"urlTemplate\":\"https:\\\/\\\/www.executiveprofiler.fr\\\/?s={search_term_string}\"},\"query-input\":{\"@type\":\"PropertyValueSpecification\",\"valueRequired\":true,\"valueName\":\"search_term_string\"}}],\"inLanguage\":\"fr-FR\"},{\"@type\":\"Organization\",\"@id\":\"https:\\\/\\\/www.executiveprofiler.fr\\\/#organization\",\"name\":\"Executive Profiler\",\"url\":\"https:\\\/\\\/www.executiveprofiler.fr\\\/\",\"logo\":{\"@type\":\"ImageObject\",\"inLanguage\":\"fr-FR\",\"@id\":\"https:\\\/\\\/www.executiveprofiler.fr\\\/#\\\/schema\\\/logo\\\/image\\\/\",\"url\":\"https:\\\/\\\/www.executiveprofiler.fr\\\/wp-content\\\/uploads\\\/2024\\\/05\\\/logo-EP-.png\",\"contentUrl\":\"https:\\\/\\\/www.executiveprofiler.fr\\\/wp-content\\\/uploads\\\/2024\\\/05\\\/logo-EP-.png\",\"width\":1148,\"height\":578,\"caption\":\"Executive Profiler\"},\"image\":{\"@id\":\"https:\\\/\\\/www.executiveprofiler.fr\\\/#\\\/schema\\\/logo\\\/image\\\/\"},\"sameAs\":[\"https:\\\/\\\/www.facebook.com\\\/executiveprofiler\",\"https:\\\/\\\/www.linkedin.com\\\/in\\\/norrito\\\/\",\"https:\\\/\\\/www.youtube.com\\\/channel\\\/UCVzcTreI5uP3M7ty0S_BHsw\"]}]}<\/script>\n<!-- \/ Yoast SEO plugin. -->","yoast_head_json":{"title":"Pack Booster - Executive Profiler","description":"D\u00e9couvrez le Pack Booster : une solution innovante pour propulser votre carri\u00e8re et optimiser vos comp\u00e9tences professionnelles.","robots":{"index":"index","follow":"follow","max-snippet":"max-snippet:-1","max-image-preview":"max-image-preview:large","max-video-preview":"max-video-preview:-1"},"canonical":"https:\/\/www.executiveprofiler.fr\/index.php\/pack-booster\/","og_locale":"fr_FR","og_type":"article","og_title":"Pack Booster - Executive Profiler","og_description":"D\u00e9couvrez le Pack Booster : une solution innovante pour propulser votre carri\u00e8re et optimiser vos comp\u00e9tences professionnelles.","og_url":"https:\/\/www.executiveprofiler.fr\/index.php\/pack-booster\/","og_site_name":"Executive Profiler","article_publisher":"https:\/\/www.facebook.com\/executiveprofiler","article_modified_time":"2024-07-11T14:48:26+00:00","twitter_card":"summary_large_image","twitter_misc":{"Dur\u00e9e de lecture estim\u00e9e":"4 minutes"},"schema":{"@context":"https:\/\/schema.org","@graph":[{"@type":"WebPage","@id":"https:\/\/www.executiveprofiler.fr\/index.php\/pack-booster\/","url":"https:\/\/www.executiveprofiler.fr\/index.php\/pack-booster\/","name":"Pack Booster - Executive Profiler","isPartOf":{"@id":"https:\/\/www.executiveprofiler.fr\/#website"},"datePublished":"2021-06-09T07:05:01+00:00","dateModified":"2024-07-11T14:48:26+00:00","description":"D\u00e9couvrez le Pack Booster : une solution innovante pour propulser votre carri\u00e8re et optimiser vos comp\u00e9tences professionnelles.","breadcrumb":{"@id":"https:\/\/www.executiveprofiler.fr\/index.php\/pack-booster\/#breadcrumb"},"inLanguage":"fr-FR","potentialAction":[{"@type":"ReadAction","target":["https:\/\/www.executiveprofiler.fr\/index.php\/pack-booster\/"]}]},{"@type":"BreadcrumbList","@id":"https:\/\/www.executiveprofiler.fr\/index.php\/pack-booster\/#breadcrumb","itemListElement":[{"@type":"ListItem","position":1,"name":"Accueil","item":"https:\/\/www.executiveprofiler.fr\/"},{"@type":"ListItem","position":2,"name":"Pack Booster"}]},{"@type":"WebSite","@id":"https:\/\/www.executiveprofiler.fr\/#website","url":"https:\/\/www.executiveprofiler.fr\/","name":"Executive Profiler","description":"R\u00e9v\u00e9lez votre Talents","publisher":{"@id":"https:\/\/www.executiveprofiler.fr\/#organization"},"potentialAction":[{"@type":"SearchAction","target":{"@type":"EntryPoint","urlTemplate":"https:\/\/www.executiveprofiler.fr\/?s={search_term_string}"},"query-input":{"@type":"PropertyValueSpecification","valueRequired":true,"valueName":"search_term_string"}}],"inLanguage":"fr-FR"},{"@type":"Organization","@id":"https:\/\/www.executiveprofiler.fr\/#organization","name":"Executive Profiler","url":"https:\/\/www.executiveprofiler.fr\/","logo":{"@type":"ImageObject","inLanguage":"fr-FR","@id":"https:\/\/www.executiveprofiler.fr\/#\/schema\/logo\/image\/","url":"https:\/\/www.executiveprofiler.fr\/wp-content\/uploads\/2024\/05\/logo-EP-.png","contentUrl":"https:\/\/www.executiveprofiler.fr\/wp-content\/uploads\/2024\/05\/logo-EP-.png","width":1148,"height":578,"caption":"Executive Profiler"},"image":{"@id":"https:\/\/www.executiveprofiler.fr\/#\/schema\/logo\/image\/"},"sameAs":["https:\/\/www.facebook.com\/executiveprofiler","https:\/\/www.linkedin.com\/in\/norrito\/","https:\/\/www.youtube.com\/channel\/UCVzcTreI5uP3M7ty0S_BHsw"]}]}},"acf":[],"_links":{"self":[{"href":"https:\/\/www.executiveprofiler.fr\/index.php\/wp-json\/wp\/v2\/pages\/1161","targetHints":{"allow":["GET"]}}],"collection":[{"href":"https:\/\/www.executiveprofiler.fr\/index.php\/wp-json\/wp\/v2\/pages"}],"about":[{"href":"https:\/\/www.executiveprofiler.fr\/index.php\/wp-json\/wp\/v2\/types\/page"}],"author":[{"embeddable":true,"href":"https:\/\/www.executiveprofiler.fr\/index.php\/wp-json\/wp\/v2\/users\/8"}],"replies":[{"embeddable":true,"href":"https:\/\/www.executiveprofiler.fr\/index.php\/wp-json\/wp\/v2\/comments?post=1161"}],"version-history":[{"count":25,"href":"https:\/\/www.executiveprofiler.fr\/index.php\/wp-json\/wp\/v2\/pages\/1161\/revisions"}],"predecessor-version":[{"id":10424,"href":"https:\/\/www.executiveprofiler.fr\/index.php\/wp-json\/wp\/v2\/pages\/1161\/revisions\/10424"}],"wp:attachment":[{"href":"https:\/\/www.executiveprofiler.fr\/index.php\/wp-json\/wp\/v2\/media?parent=1161"}],"curies":[{"name":"wp","href":"https:\/\/api.w.org\/{rel}","templated":true}]}}